{"id":2804,"date":"2025-03-28T02:58:03","date_gmt":"2025-03-28T02:58:03","guid":{"rendered":"https:\/\/reptbattero.com\/?page_id=2804"},"modified":"2025-07-17T06:11:38","modified_gmt":"2025-07-17T06:11:38","slug":"news-blogs","status":"publish","type":"page","link":"https:\/\/www.reptbattero.com\/es\/news\/","title":{"rendered":"Noticias"},"content":{"rendered":"<div data-elementor-type=\"wp-page\" data-elementor-id=\"2804\" class=\"elementor elementor-2804\" data-elementor-settings=\"{&quot;element_pack_global_tooltip_width&quot;:{&quot;unit&quot;:&quot;px&quot;,&quot;size&quot;:&quot;&quot;,&quot;sizes&quot;:[]},&quot;element_pack_global_tooltip_width_tablet&quot;:{&quot;unit&quot;:&quot;px&quot;,&quot;size&quot;:&quot;&quot;,&quot;sizes&quot;:[]},&quot;element_pack_global_tooltip_width_mobile&quot;:{&quot;unit&quot;:&quot;px&quot;,&quot;size&quot;:&quot;&quot;,&quot;sizes&quot;:[]},&quot;element_pack_global_tooltip_padding&quot;:{&quot;unit&quot;:&quot;px&quot;,&quot;top&quot;:&quot;&quot;,&quot;right&quot;:&quot;&quot;,&quot;bottom&quot;:&quot;&quot;,&quot;left&quot;:&quot;&quot;,&quot;isLinked&quot;:true},&quot;element_pack_global_tooltip_padding_tablet&quot;:{&quot;unit&quot;:&quot;px&quot;,&quot;top&quot;:&quot;&quot;,&quot;right&quot;:&quot;&quot;,&quot;bottom&quot;:&quot;&quot;,&quot;left&quot;:&quot;&quot;,&quot;isLinked&quot;:true},&quot;element_pack_global_tooltip_padding_mobile&quot;:{&quot;unit&quot;:&quot;px&quot;,&quot;top&quot;:&quot;&quot;,&quot;right&quot;:&quot;&quot;,&quot;bottom&quot;:&quot;&quot;,&quot;left&quot;:&quot;&quot;,&quot;isLinked&quot;:true},&quot;element_pack_global_tooltip_border_radius&quot;:{&quot;unit&quot;:&quot;px&quot;,&quot;top&quot;:&quot;&quot;,&quot;right&quot;:&quot;&quot;,&quot;bottom&quot;:&quot;&quot;,&quot;left&quot;:&quot;&quot;,&quot;isLinked&quot;:true},&quot;element_pack_global_tooltip_border_radius_tablet&quot;:{&quot;unit&quot;:&quot;px&quot;,&quot;top&quot;:&quot;&quot;,&quot;right&quot;:&quot;&quot;,&quot;bottom&quot;:&quot;&quot;,&quot;left&quot;:&quot;&quot;,&quot;isLinked&quot;:true},&quot;element_pack_global_tooltip_border_radius_mobile&quot;:{&quot;unit&quot;:&quot;px&quot;,&quot;top&quot;:&quot;&quot;,&quot;right&quot;:&quot;&quot;,&quot;bottom&quot;:&quot;&quot;,&quot;left&quot;:&quot;&quot;,&quot;isLinked&quot;:true}}\" data-elementor-post-type=\"page\">\n\t\t\t\t<div class=\"elementor-element elementor-element-c46a3c0 e-con-full e-flex e-con e-parent\" data-id=\"c46a3c0\" data-element_type=\"container\" data-settings=\"{&quot;background_background&quot;:&quot;classic&quot;}\">\n\t\t\t\t<div class=\"elementor-element elementor-element-f9dde5f elementor-widget elementor-widget-heading\" data-id=\"f9dde5f\" data-element_type=\"widget\" data-widget_type=\"heading.default\">\n\t\t\t\t<div class=\"elementor-widget-container\">\n\t\t\t\t\t<h1 class=\"elementor-heading-title elementor-size-default\">Noticias<\/h1>\t\t\t\t<\/div>\n\t\t\t\t<\/div>\n\t\t\t\t<div class=\"elementor-element elementor-element-ce7fb61 elementor-widget elementor-widget-pp-breadcrumbs\" data-id=\"ce7fb61\" data-element_type=\"widget\" data-settings=\"{&quot;breadcrumbs_type&quot;:&quot;powerpack&quot;}\" data-widget_type=\"pp-breadcrumbs.default\">\n\t\t\t\t<div class=\"elementor-widget-container\">\n\t\t\t\t\t<ul class=\"pp-breadcrumbs pp-breadcrumbs-powerpack\">\t\t<li class=\"pp-breadcrumbs-item pp-breadcrumbs-item-home\">\n\t\t\t<a class=\"pp-breadcrumbs-crumb pp-breadcrumbs-crumb-link pp-breadcrumbs-crumb-home\" href=\"https:\/\/www.reptbattero.com\/es\" title=\"Inicio\">\n\t\t\t\t<span class=\"pp-breadcrumbs-text\">\n\t\t\t\t\t\t\t\t\t\tInicio\t\t\t\t<\/span>\n\t\t\t<\/a>\n\t\t<\/li>\n\t\t<li class=\"pp-breadcrumbs-separator\">\t\t\t\t<span class='pp-separator-icon pp-icon'>\n\t\t\t\t\t<i aria-hidden=\"true\" class=\"fas fa-angle-right\"><\/i>\t\t\t\t<\/span>\n\t\t\t\t<\/li><\/ul>\t\t\t\t<\/div>\n\t\t\t\t<\/div>\n\t\t\t\t<\/div>\n\t\t<div class=\"elementor-element elementor-element-de6fb22 e-con-full e-flex e-con e-parent\" data-id=\"de6fb22\" data-element_type=\"container\" data-settings=\"{&quot;background_background&quot;:&quot;gradient&quot;}\">\n\t\t\t\t<\/div>\n\t\t<div class=\"elementor-element elementor-element-574d4c65 e-flex e-con-boxed e-con e-parent\" data-id=\"574d4c65\" data-element_type=\"container\">\n\t\t\t\t\t<div class=\"e-con-inner\">\n\t\t<div class=\"elementor-element elementor-element-1bd75229 e-con-full e-flex e-con e-child\" data-id=\"1bd75229\" data-element_type=\"container\">\n\t\t\t\t<div class=\"elementor-element elementor-element-f92a28b pp-equal-height-yes pp-posts-thumbnail-ratio elementor-grid-3 elementor-grid-tablet-2 elementor-grid-mobile-1 elementor-widget elementor-widget-pp-posts\" data-id=\"f92a28b\" data-element_type=\"widget\" data-widget_type=\"pp-posts.card\">\n\t\t\t\t<div class=\"elementor-widget-container\">\n\t\t\t\t\t\t\t<div class=\"pp-posts-container\">\n\t\t\t\n\t\t\t\t\t\t\t\t\t\t\n\t\t\t<div class=\"pp-posts pp-posts-skin-card elementor-grid pp-posts-grid\" data-query-type=\"custom\" data-layout=\"grid\" data-page=\"2804\" data-skin=\"card\">\n\t\t\t\t\t\t\t\t\t\t\t<div class=\"pp-post-wrap pp-grid-item-wrap elementor-grid-item post-22273 news type-news status-publish has-post-thumbnail\">\n\t\t\t\t\t\t<div class=\"pp-post pp-grid-item\">\n\t\t\t\t\t\t<div class=\"pp-post-thumbnail\">\n\t\t\t<a class=\"pp-post-thumbnail-wrap\" href=\"https:\/\/www.reptbattero.com\/es\/news\/meet-in-shenzhen-rept-battero-invites-you-to-cibf-2026\/\" title=\"\u00a1Cita en Shenzhen! REPT BATTERO le invita a CIBF 2026\">\n\t\t\t\t<img fetchpriority=\"high\" decoding=\"async\" width=\"1422\" height=\"800\" src=\"https:\/\/www.reptbattero.com\/wp-content\/uploads\/2026\/05\/cibf-2026-en.webp\" class=\"attachment-full size-full wp-image-22268\" alt=\"cibf 2026 es\" srcset=\"https:\/\/www.reptbattero.com\/wp-content\/uploads\/2026\/05\/cibf-2026-en.webp 1422w, https:\/\/www.reptbattero.com\/wp-content\/uploads\/2026\/05\/cibf-2026-en-300x169.webp 300w, https:\/\/www.reptbattero.com\/wp-content\/uploads\/2026\/05\/cibf-2026-en-1024x576.webp 1024w, https:\/\/www.reptbattero.com\/wp-content\/uploads\/2026\/05\/cibf-2026-en-768x432.webp 768w, https:\/\/www.reptbattero.com\/wp-content\/uploads\/2026\/05\/cibf-2026-en-18x10.webp 18w, https:\/\/www.reptbattero.com\/wp-content\/uploads\/2026\/05\/cibf-2026-en-600x338.webp 600w\" sizes=\"(max-width: 1422px) 100vw, 1422px\" \/>\t\t\t<\/a>\n\t\t<\/div>\n\t\t\n\t\t\t\t<div class=\"pp-post-content-wrap\">\n\t\t\t\t\t<div class=\"pp-post-content\">\n\t\t\t\t\t\t\t\t\t\t\t\t<h2 class=\"pp-post-title\">\n\t\t\t\t<a href=\"https:\/\/www.reptbattero.com\/es\/news\/meet-in-shenzhen-rept-battero-invites-you-to-cibf-2026\/\">\u00a1Cita en Shenzhen! REPT BATTERO le invita a CIBF 2026<\/a>\t\t\t<\/h2>\n\t\t\t\t\t\t\t\t<\/div>\n\t\t\t\t\t\t\t\t\t<a class=\"pp-posts-button elementor-button elementor-size-sm\" href=\"https:\/\/www.reptbattero.com\/es\/news\/meet-in-shenzhen-rept-battero-invites-you-to-cibf-2026\/\" title=\"\u00a1Cita en Shenzhen! REPT BATTERO le invita a CIBF 2026\" aria-label=\"Leer m\u00e1s sobre \u00a1Reuni\u00f3n en Shenzhen! REPT BATTERO le invita a CIBF 2026\">\n\t\t\t<span class=\"elementor-button-content-wrapper\">\n\t\t\t\t\t\t\t\t\t<span class=\"pp-button-text\">\n\t\t\t\t\t\tSeguir leyendo\t\t\t\t\t<\/span>\n\t\t\t\t\t\t\t<span class=\"pp-button-icon elementor-button-icon\">\n\t\t\t\t\t\t\t<\/span>\n\t\t\t\t\t\t<\/span>\n\t\t<\/a>\n\t\t\t\t\t\t\t\t<\/div>\n\n\t\t\t\t\t\t\t\t\t\t<div class=\"pp-post-meta-wrap\">\n\t\t\t\t\t\t\t\t<div class=\"pp-post-meta\">\n\t\t\t\t\t\t\t\t\t<span class=\"pp-post-date\">\n\t\t\t\t\t\t<span class=\"pp-meta-text\">\n\t\t\t\t10 de mayo de 2026\t\t\t<\/span>\n\t\t<\/span>\n\t\t<span class=\"pp-meta-separator\"><\/span>\n\t\t\t\t\t\t\t\t<\/div>\n\t\t\t<\/div>\n\t\t\t\t\t\t<\/div>\n\t\t\t\t\t<\/div>\n\t\t\t\t<div class=\"pp-post-wrap pp-grid-item-wrap elementor-grid-item post-22263 news type-news status-publish has-post-thumbnail\">\n\t\t\t\t\t\t<div class=\"pp-post pp-grid-item\">\n\t\t\t\t\t\t<div class=\"pp-post-thumbnail\">\n\t\t\t<a class=\"pp-post-thumbnail-wrap\" href=\"https:\/\/www.reptbattero.com\/es\/news\/invitation%E4%B8%A8rept-battero-x-indonesia-coal-energy-expo-2026-icee-2026\/\" title=\"Invitation\u4e28REPT BATTERO X Indonesia Coal &amp; Energy Expo 2026 (ICEE 2026)\">\n\t\t\t\t<img decoding=\"async\" width=\"1067\" height=\"600\" src=\"https:\/\/www.reptbattero.com\/wp-content\/uploads\/2026\/05\/INDONESIA-COAL-AND-ENERGY-EXPO-2026.webp\" class=\"attachment-full size-full wp-image-22266\" alt=\"indonesia coal and energy expo 2026\" srcset=\"https:\/\/www.reptbattero.com\/wp-content\/uploads\/2026\/05\/INDONESIA-COAL-AND-ENERGY-EXPO-2026.webp 1067w, https:\/\/www.reptbattero.com\/wp-content\/uploads\/2026\/05\/INDONESIA-COAL-AND-ENERGY-EXPO-2026-300x169.webp 300w, https:\/\/www.reptbattero.com\/wp-content\/uploads\/2026\/05\/INDONESIA-COAL-AND-ENERGY-EXPO-2026-1024x576.webp 1024w, https:\/\/www.reptbattero.com\/wp-content\/uploads\/2026\/05\/INDONESIA-COAL-AND-ENERGY-EXPO-2026-768x432.webp 768w, https:\/\/www.reptbattero.com\/wp-content\/uploads\/2026\/05\/INDONESIA-COAL-AND-ENERGY-EXPO-2026-18x10.webp 18w, https:\/\/www.reptbattero.com\/wp-content\/uploads\/2026\/05\/INDONESIA-COAL-AND-ENERGY-EXPO-2026-600x337.webp 600w\" sizes=\"(max-width: 1067px) 100vw, 1067px\" \/>\t\t\t<\/a>\n\t\t<\/div>\n\t\t\n\t\t\t\t<div class=\"pp-post-content-wrap\">\n\t\t\t\t\t<div class=\"pp-post-content\">\n\t\t\t\t\t\t\t\t\t\t\t\t<h2 class=\"pp-post-title\">\n\t\t\t\t<a href=\"https:\/\/www.reptbattero.com\/es\/news\/invitation%E4%B8%A8rept-battero-x-indonesia-coal-energy-expo-2026-icee-2026\/\">Invitation\u4e28REPT BATTERO X Indonesia Coal &amp; Energy Expo 2026 (ICEE 2026)<\/a>\t\t\t<\/h2>\n\t\t\t\t\t\t\t\t<\/div>\n\t\t\t\t\t\t\t\t\t<a class=\"pp-posts-button elementor-button elementor-size-sm\" href=\"https:\/\/www.reptbattero.com\/es\/news\/invitation%E4%B8%A8rept-battero-x-indonesia-coal-energy-expo-2026-icee-2026\/\" title=\"Invitation\u4e28REPT BATTERO X Indonesia Coal &amp; Energy Expo 2026 (ICEE 2026)\" aria-label=\"Leer m\u00e1s sobre Invitation\u4e28REPT BATTERO X Indonesia Coal &amp; Energy Expo 2026 (ICEE 2026)\">\n\t\t\t<span class=\"elementor-button-content-wrapper\">\n\t\t\t\t\t\t\t\t\t<span class=\"pp-button-text\">\n\t\t\t\t\t\tSeguir leyendo\t\t\t\t\t<\/span>\n\t\t\t\t\t\t\t<span class=\"pp-button-icon elementor-button-icon\">\n\t\t\t\t\t\t\t<\/span>\n\t\t\t\t\t\t<\/span>\n\t\t<\/a>\n\t\t\t\t\t\t\t\t<\/div>\n\n\t\t\t\t\t\t\t\t\t\t<div class=\"pp-post-meta-wrap\">\n\t\t\t\t\t\t\t\t<div class=\"pp-post-meta\">\n\t\t\t\t\t\t\t\t\t<span class=\"pp-post-date\">\n\t\t\t\t\t\t<span class=\"pp-meta-text\">\n\t\t\t\t8 de mayo de 2026\t\t\t<\/span>\n\t\t<\/span>\n\t\t<span class=\"pp-meta-separator\"><\/span>\n\t\t\t\t\t\t\t\t<\/div>\n\t\t\t<\/div>\n\t\t\t\t\t\t<\/div>\n\t\t\t\t\t<\/div>\n\t\t\t\t<div class=\"pp-post-wrap pp-grid-item-wrap elementor-grid-item post-22253 news type-news status-publish has-post-thumbnail\">\n\t\t\t\t\t\t<div class=\"pp-post pp-grid-item\">\n\t\t\t\t\t\t<div class=\"pp-post-thumbnail\">\n\t\t\t<a class=\"pp-post-thumbnail-wrap\" href=\"https:\/\/www.reptbattero.com\/es\/news\/21st-scudetto-secured-rept-battero-extends-our-heartiest-congratulations-to-fc-internazionale-milano-on-their-incredible-achievement-in-clinching-the-serie-a-title\/\" title=\"\u00a121\u00ba Scudetto asegurado! REPT BATTERO da nuestra m\u00e1s sincera enhorabuena al FC Internazionale Milano por su incre\u00edble logro al conquistar el t\u00edtulo de la Serie A.\">\n\t\t\t\t<img decoding=\"async\" width=\"512\" height=\"336\" src=\"https:\/\/www.reptbattero.com\/wp-content\/uploads\/2026\/05\/ScreenShot_2026-05-06_093126_483.webp\" class=\"attachment-full size-full wp-image-22256\" alt=\"captura de pantalla 2026 05 06 093126 483\" srcset=\"https:\/\/www.reptbattero.com\/wp-content\/uploads\/2026\/05\/ScreenShot_2026-05-06_093126_483.webp 512w, https:\/\/www.reptbattero.com\/wp-content\/uploads\/2026\/05\/ScreenShot_2026-05-06_093126_483-300x197.webp 300w, https:\/\/www.reptbattero.com\/wp-content\/uploads\/2026\/05\/ScreenShot_2026-05-06_093126_483-18x12.webp 18w\" sizes=\"(max-width: 512px) 100vw, 512px\" \/>\t\t\t<\/a>\n\t\t<\/div>\n\t\t\n\t\t\t\t<div class=\"pp-post-content-wrap\">\n\t\t\t\t\t<div class=\"pp-post-content\">\n\t\t\t\t\t\t\t\t\t\t\t\t<h2 class=\"pp-post-title\">\n\t\t\t\t<a href=\"https:\/\/www.reptbattero.com\/es\/news\/21st-scudetto-secured-rept-battero-extends-our-heartiest-congratulations-to-fc-internazionale-milano-on-their-incredible-achievement-in-clinching-the-serie-a-title\/\">\u00a121\u00ba Scudetto asegurado! REPT BATTERO da nuestra m\u00e1s sincera enhorabuena al FC Internazionale Milano por su incre\u00edble logro al conquistar el t\u00edtulo de la Serie A.<\/a>\t\t\t<\/h2>\n\t\t\t\t\t\t\t\t<\/div>\n\t\t\t\t\t\t\t\t\t<a class=\"pp-posts-button elementor-button elementor-size-sm\" href=\"https:\/\/www.reptbattero.com\/es\/news\/21st-scudetto-secured-rept-battero-extends-our-heartiest-congratulations-to-fc-internazionale-milano-on-their-incredible-achievement-in-clinching-the-serie-a-title\/\" title=\"\u00a121\u00ba Scudetto asegurado! REPT BATTERO da nuestra m\u00e1s sincera enhorabuena al FC Internazionale Milano por su incre\u00edble logro al conquistar el t\u00edtulo de la Serie A.\" aria-label=\"Leer m\u00e1s sobre \u00a1Conseguido el 21\u00ba Scudetto! REPT BATTERO da nuestra m\u00e1s sincera enhorabuena al FC Internazionale Milano por su incre\u00edble logro al conquistar el t\u00edtulo de la Serie A.\">\n\t\t\t<span class=\"elementor-button-content-wrapper\">\n\t\t\t\t\t\t\t\t\t<span class=\"pp-button-text\">\n\t\t\t\t\t\tSeguir leyendo\t\t\t\t\t<\/span>\n\t\t\t\t\t\t\t<span class=\"pp-button-icon elementor-button-icon\">\n\t\t\t\t\t\t\t<\/span>\n\t\t\t\t\t\t<\/span>\n\t\t<\/a>\n\t\t\t\t\t\t\t\t<\/div>\n\n\t\t\t\t\t\t\t\t\t\t<div class=\"pp-post-meta-wrap\">\n\t\t\t\t\t\t\t\t<div class=\"pp-post-meta\">\n\t\t\t\t\t\t\t\t\t<span class=\"pp-post-date\">\n\t\t\t\t\t\t<span class=\"pp-meta-text\">\n\t\t\t\t4 de mayo de 2026\t\t\t<\/span>\n\t\t<\/span>\n\t\t<span class=\"pp-meta-separator\"><\/span>\n\t\t\t\t\t\t\t\t<\/div>\n\t\t\t<\/div>\n\t\t\t\t\t\t<\/div>\n\t\t\t\t\t<\/div>\n\t\t\t\t<div class=\"pp-post-wrap pp-grid-item-wrap elementor-grid-item post-22243 news type-news status-publish has-post-thumbnail\">\n\t\t\t\t\t\t<div class=\"pp-post pp-grid-item\">\n\t\t\t\t\t\t<div class=\"pp-post-thumbnail\">\n\t\t\t<a class=\"pp-post-thumbnail-wrap\" href=\"https:\/\/www.reptbattero.com\/es\/news\/fc-internazionale-milano-announces-a-new-global-partnership-with-rept-battero\/\" title=\"El FC Internazionale Milano anuncia una nueva asociaci\u00f3n global con REPT BATTERO\">\n\t\t\t\t<img loading=\"lazy\" decoding=\"async\" width=\"2500\" height=\"1406\" src=\"https:\/\/www.reptbattero.com\/wp-content\/uploads\/2026\/05\/Annuncio_partner_Comunicato_Stampa.webp\" class=\"attachment-full size-full wp-image-22247\" alt=\"annuncio partner comunicazione stampa\" srcset=\"https:\/\/www.reptbattero.com\/wp-content\/uploads\/2026\/05\/Annuncio_partner_Comunicato_Stampa.webp 2500w, https:\/\/www.reptbattero.com\/wp-content\/uploads\/2026\/05\/Annuncio_partner_Comunicato_Stampa-300x169.webp 300w, https:\/\/www.reptbattero.com\/wp-content\/uploads\/2026\/05\/Annuncio_partner_Comunicato_Stampa-1024x576.webp 1024w, https:\/\/www.reptbattero.com\/wp-content\/uploads\/2026\/05\/Annuncio_partner_Comunicato_Stampa-768x432.webp 768w, https:\/\/www.reptbattero.com\/wp-content\/uploads\/2026\/05\/Annuncio_partner_Comunicato_Stampa-1536x864.webp 1536w, https:\/\/www.reptbattero.com\/wp-content\/uploads\/2026\/05\/Annuncio_partner_Comunicato_Stampa-2048x1152.webp 2048w, https:\/\/www.reptbattero.com\/wp-content\/uploads\/2026\/05\/Annuncio_partner_Comunicato_Stampa-18x10.webp 18w, https:\/\/www.reptbattero.com\/wp-content\/uploads\/2026\/05\/Annuncio_partner_Comunicato_Stampa-600x337.webp 600w\" sizes=\"(max-width: 2500px) 100vw, 2500px\" \/>\t\t\t<\/a>\n\t\t<\/div>\n\t\t\n\t\t\t\t<div class=\"pp-post-content-wrap\">\n\t\t\t\t\t<div class=\"pp-post-content\">\n\t\t\t\t\t\t\t\t\t\t\t\t<h2 class=\"pp-post-title\">\n\t\t\t\t<a href=\"https:\/\/www.reptbattero.com\/es\/news\/fc-internazionale-milano-announces-a-new-global-partnership-with-rept-battero\/\">El FC Internazionale Milano anuncia una nueva asociaci\u00f3n global con REPT BATTERO<\/a>\t\t\t<\/h2>\n\t\t\t\t\t\t\t\t<\/div>\n\t\t\t\t\t\t\t\t\t<a class=\"pp-posts-button elementor-button elementor-size-sm\" href=\"https:\/\/www.reptbattero.com\/es\/news\/fc-internazionale-milano-announces-a-new-global-partnership-with-rept-battero\/\" title=\"El FC Internazionale Milano anuncia una nueva asociaci\u00f3n global con REPT BATTERO\" aria-label=\"Leer m\u00e1s sobre El FC Internazionale Milano anuncia una nueva asociaci\u00f3n global con REPT BATTERO\">\n\t\t\t<span class=\"elementor-button-content-wrapper\">\n\t\t\t\t\t\t\t\t\t<span class=\"pp-button-text\">\n\t\t\t\t\t\tSeguir leyendo\t\t\t\t\t<\/span>\n\t\t\t\t\t\t\t<span class=\"pp-button-icon elementor-button-icon\">\n\t\t\t\t\t\t\t<\/span>\n\t\t\t\t\t\t<\/span>\n\t\t<\/a>\n\t\t\t\t\t\t\t\t<\/div>\n\n\t\t\t\t\t\t\t\t\t\t<div class=\"pp-post-meta-wrap\">\n\t\t\t\t\t\t\t\t<div class=\"pp-post-meta\">\n\t\t\t\t\t\t\t\t\t<span class=\"pp-post-date\">\n\t\t\t\t\t\t<span class=\"pp-meta-text\">\n\t\t\t\t2 de mayo de 2026\t\t\t<\/span>\n\t\t<\/span>\n\t\t<span class=\"pp-meta-separator\"><\/span>\n\t\t\t\t\t\t\t\t<\/div>\n\t\t\t<\/div>\n\t\t\t\t\t\t<\/div>\n\t\t\t\t\t<\/div>\n\t\t\t\t<div class=\"pp-post-wrap pp-grid-item-wrap elementor-grid-item post-22212 news type-news status-publish has-post-thumbnail\">\n\t\t\t\t\t\t<div class=\"pp-post pp-grid-item\">\n\t\t\t\t\t\t<div class=\"pp-post-thumbnail\">\n\t\t\t<a class=\"pp-post-thumbnail-wrap\" href=\"https:\/\/www.reptbattero.com\/es\/news\/powered-up-rept-battero-shines-at-beijing-auto-show\/\" title=\"\u00a1A tope! REPT BATTERO brilla en el Sal\u00f3n del Autom\u00f3vil de Pek\u00edn\">\n\t\t\t\t<img loading=\"lazy\" decoding=\"async\" width=\"1197\" height=\"792\" src=\"https:\/\/www.reptbattero.com\/wp-content\/uploads\/2026\/04\/260427\u4e3b.webp\" class=\"attachment-full size-full wp-image-22215\" alt=\"260427\u4e3b\" srcset=\"https:\/\/www.reptbattero.com\/wp-content\/uploads\/2026\/04\/260427\u4e3b.webp 1197w, https:\/\/www.reptbattero.com\/wp-content\/uploads\/2026\/04\/260427\u4e3b-300x198.webp 300w, https:\/\/www.reptbattero.com\/wp-content\/uploads\/2026\/04\/260427\u4e3b-1024x678.webp 1024w, https:\/\/www.reptbattero.com\/wp-content\/uploads\/2026\/04\/260427\u4e3b-768x508.webp 768w, https:\/\/www.reptbattero.com\/wp-content\/uploads\/2026\/04\/260427\u4e3b-18x12.webp 18w, https:\/\/www.reptbattero.com\/wp-content\/uploads\/2026\/04\/260427\u4e3b-600x397.webp 600w\" sizes=\"(max-width: 1197px) 100vw, 1197px\" \/>\t\t\t<\/a>\n\t\t<\/div>\n\t\t\n\t\t\t\t<div class=\"pp-post-content-wrap\">\n\t\t\t\t\t<div class=\"pp-post-content\">\n\t\t\t\t\t\t\t\t\t\t\t\t<h2 class=\"pp-post-title\">\n\t\t\t\t<a href=\"https:\/\/www.reptbattero.com\/es\/news\/powered-up-rept-battero-shines-at-beijing-auto-show\/\">\u00a1A tope! REPT BATTERO brilla en el Sal\u00f3n del Autom\u00f3vil de Pek\u00edn<\/a>\t\t\t<\/h2>\n\t\t\t\t\t\t\t\t<\/div>\n\t\t\t\t\t\t\t\t\t<a class=\"pp-posts-button elementor-button elementor-size-sm\" href=\"https:\/\/www.reptbattero.com\/es\/news\/powered-up-rept-battero-shines-at-beijing-auto-show\/\" title=\"\u00a1A tope! REPT BATTERO brilla en el Sal\u00f3n del Autom\u00f3vil de Pek\u00edn\" aria-label=\"\u00a1Leer m\u00e1s sobre Powered Up! REPT BATTERO brilla en el Sal\u00f3n del Autom\u00f3vil de Pek\u00edn\">\n\t\t\t<span class=\"elementor-button-content-wrapper\">\n\t\t\t\t\t\t\t\t\t<span class=\"pp-button-text\">\n\t\t\t\t\t\tSeguir leyendo\t\t\t\t\t<\/span>\n\t\t\t\t\t\t\t<span class=\"pp-button-icon elementor-button-icon\">\n\t\t\t\t\t\t\t<\/span>\n\t\t\t\t\t\t<\/span>\n\t\t<\/a>\n\t\t\t\t\t\t\t\t<\/div>\n\n\t\t\t\t\t\t\t\t\t\t<div class=\"pp-post-meta-wrap\">\n\t\t\t\t\t\t\t\t<div class=\"pp-post-meta\">\n\t\t\t\t\t\t\t\t\t<span class=\"pp-post-date\">\n\t\t\t\t\t\t<span class=\"pp-meta-text\">\n\t\t\t\t27 de abril de 2026\t\t\t<\/span>\n\t\t<\/span>\n\t\t<span class=\"pp-meta-separator\"><\/span>\n\t\t\t\t\t\t\t\t<\/div>\n\t\t\t<\/div>\n\t\t\t\t\t\t<\/div>\n\t\t\t\t\t<\/div>\n\t\t\t\t<div class=\"pp-post-wrap pp-grid-item-wrap elementor-grid-item post-22202 news type-news status-publish has-post-thumbnail\">\n\t\t\t\t\t\t<div class=\"pp-post pp-grid-item\">\n\t\t\t\t\t\t<div class=\"pp-post-thumbnail\">\n\t\t\t<a class=\"pp-post-thumbnail-wrap\" href=\"https:\/\/www.reptbattero.com\/es\/news\/invitation-join-rept-battero-at-auto-china-2026\/\" title=\"Invitaci\u00f3n | \u00danete a REPT BATTERO en Auto China 2026\">\n\t\t\t\t<img loading=\"lazy\" decoding=\"async\" width=\"1067\" height=\"600\" src=\"https:\/\/www.reptbattero.com\/wp-content\/uploads\/2026\/04\/26-auto-china-beijing.webp\" class=\"attachment-full size-full wp-image-22205\" alt=\"26 auto china beijing\" srcset=\"https:\/\/www.reptbattero.com\/wp-content\/uploads\/2026\/04\/26-auto-china-beijing.webp 1067w, https:\/\/www.reptbattero.com\/wp-content\/uploads\/2026\/04\/26-auto-china-beijing-300x169.webp 300w, https:\/\/www.reptbattero.com\/wp-content\/uploads\/2026\/04\/26-auto-china-beijing-1024x576.webp 1024w, https:\/\/www.reptbattero.com\/wp-content\/uploads\/2026\/04\/26-auto-china-beijing-768x432.webp 768w, https:\/\/www.reptbattero.com\/wp-content\/uploads\/2026\/04\/26-auto-china-beijing-18x10.webp 18w, https:\/\/www.reptbattero.com\/wp-content\/uploads\/2026\/04\/26-auto-china-beijing-600x337.webp 600w\" sizes=\"(max-width: 1067px) 100vw, 1067px\" \/>\t\t\t<\/a>\n\t\t<\/div>\n\t\t\n\t\t\t\t<div class=\"pp-post-content-wrap\">\n\t\t\t\t\t<div class=\"pp-post-content\">\n\t\t\t\t\t\t\t\t\t\t\t\t<h2 class=\"pp-post-title\">\n\t\t\t\t<a href=\"https:\/\/www.reptbattero.com\/es\/news\/invitation-join-rept-battero-at-auto-china-2026\/\">Invitaci\u00f3n | \u00danete a REPT BATTERO en Auto China 2026<\/a>\t\t\t<\/h2>\n\t\t\t\t\t\t\t\t<\/div>\n\t\t\t\t\t\t\t\t\t<a class=\"pp-posts-button elementor-button elementor-size-sm\" href=\"https:\/\/www.reptbattero.com\/es\/news\/invitation-join-rept-battero-at-auto-china-2026\/\" title=\"Invitaci\u00f3n | \u00danete a REPT BATTERO en Auto China 2026\" aria-label=\"Leer m\u00e1s sobre Invitaci\u00f3n | \u00danete a REPT BATTERO en Auto China 2026\">\n\t\t\t<span class=\"elementor-button-content-wrapper\">\n\t\t\t\t\t\t\t\t\t<span class=\"pp-button-text\">\n\t\t\t\t\t\tSeguir leyendo\t\t\t\t\t<\/span>\n\t\t\t\t\t\t\t<span class=\"pp-button-icon elementor-button-icon\">\n\t\t\t\t\t\t\t<\/span>\n\t\t\t\t\t\t<\/span>\n\t\t<\/a>\n\t\t\t\t\t\t\t\t<\/div>\n\n\t\t\t\t\t\t\t\t\t\t<div class=\"pp-post-meta-wrap\">\n\t\t\t\t\t\t\t\t<div class=\"pp-post-meta\">\n\t\t\t\t\t\t\t\t\t<span class=\"pp-post-date\">\n\t\t\t\t\t\t<span class=\"pp-meta-text\">\n\t\t\t\t17 de abril de 2026\t\t\t<\/span>\n\t\t<\/span>\n\t\t<span class=\"pp-meta-separator\"><\/span>\n\t\t\t\t\t\t\t\t<\/div>\n\t\t\t<\/div>\n\t\t\t\t\t\t<\/div>\n\t\t\t\t\t<\/div>\n\t\t\t\t\t\t\t\t\t<\/div>\n\t\t\t\n\t\t\t\n\t\t\t\n\t\t\t\n\t\t\t\t\t\t\t\t\t\t\t<div class=\"pp-posts-pagination-wrap pp-posts-pagination-bottom\">\n\t\t\t\t\t\t\t\t<nav class=\"pp-posts-pagination pp-posts-pagination-ajax elementor-pagination\" role=\"navigation\" aria-label=\"Paginaci\u00f3n\" data-total=\"11\">\n\t\t\t\t<span aria-current=\"page\" class=\"page-numbers current\">1<\/span>\n<a class=\"page-numbers\" href=\"https:\/\/www.reptbattero.com\/wp-json\/wp\/v2\/pages\/2804\/page\/2\/\">2<\/a>\n<a class=\"page-numbers\" href=\"https:\/\/www.reptbattero.com\/wp-json\/wp\/v2\/pages\/2804\/page\/3\/\">3<\/a>\n<a class=\"page-numbers\" href=\"https:\/\/www.reptbattero.com\/wp-json\/wp\/v2\/pages\/2804\/page\/4\/\">4<\/a>\n<a class=\"page-numbers\" href=\"https:\/\/www.reptbattero.com\/wp-json\/wp\/v2\/pages\/2804\/page\/5\/\">5<\/a>\n<a class=\"page-numbers\" href=\"https:\/\/www.reptbattero.com\/wp-json\/wp\/v2\/pages\/2804\/page\/6\/\">6<\/a>\n<a class=\"page-numbers\" href=\"https:\/\/www.reptbattero.com\/wp-json\/wp\/v2\/pages\/2804\/page\/7\/\">7<\/a>\n<a class=\"page-numbers\" href=\"https:\/\/www.reptbattero.com\/wp-json\/wp\/v2\/pages\/2804\/page\/8\/\">8<\/a>\n<a class=\"page-numbers\" href=\"https:\/\/www.reptbattero.com\/wp-json\/wp\/v2\/pages\/2804\/page\/9\/\">9<\/a>\n<a class=\"page-numbers\" href=\"https:\/\/www.reptbattero.com\/wp-json\/wp\/v2\/pages\/2804\/page\/10\/\">10<\/a>\n<a class=\"page-numbers\" href=\"https:\/\/www.reptbattero.com\/wp-json\/wp\/v2\/pages\/2804\/page\/11\/\">11<\/a>\n<a class=\"next page-numbers\" href=\"https:\/\/www.reptbattero.com\/wp-json\/wp\/v2\/pages\/2804\/page\/2\/\">><\/a>\t\t\t<\/nav>\n\t\t\t\t\t\t\t<\/div>\n\t\t\t\t\t\t\t\t\t<\/div>\n\n\t\t\n\t\t\t\t\t\t<\/div>\n\t\t\t\t<\/div>\n\t\t\t\t<\/div>\n\t\t\t\t\t<\/div>\n\t\t\t\t<\/div>\n\t\t\t\t<\/div>","protected":false},"excerpt":{"rendered":"<p>Inicio Noticias REPT BATTERO Awarded as Forbes China 2024-2025 Sustainable Development Industrial Enterprise Saber m\u00e1s 10 de julio de 2025 Un an\u00e1lisis profundo: C\u00f3mo REPT BATTERO super\u00f3 la prueba de incendio a gran escala Saber m\u00e1s 4 de julio de 2025 SNEC 2025 | REPT BATTERO Achieves Dual Breakthroughs in Safety Standards and Market Expansion Saber m\u00e1s 11 de junio de 2025 \u00a13.000 Vehicles Deal! [...]<\/p>","protected":false},"author":4,"featured_media":0,"parent":0,"menu_order":0,"comment_status":"closed","ping_status":"closed","template":"","meta":{"_seopress_robots_primary_cat":"","_seopress_titles_title":"Latest News | REPT BATTERO","_seopress_titles_desc":"Explore our latest company developments, press coverage, product launches, and global milestones.","_seopress_robots_index":"","footnotes":""},"class_list":["post-2804","page","type-page","status-publish"],"_links":{"self":[{"href":"https:\/\/www.reptbattero.com\/es\/wp-json\/wp\/v2\/pages\/2804","targetHints":{"allow":["GET"]}}],"collection":[{"href":"https:\/\/www.reptbattero.com\/es\/wp-json\/wp\/v2\/pages"}],"about":[{"href":"https:\/\/www.reptbattero.com\/es\/wp-json\/wp\/v2\/types\/page"}],"author":[{"embeddable":true,"href":"https:\/\/www.reptbattero.com\/es\/wp-json\/wp\/v2\/users\/4"}],"replies":[{"embeddable":true,"href":"https:\/\/www.reptbattero.com\/es\/wp-json\/wp\/v2\/comments?post=2804"}],"version-history":[{"count":0,"href":"https:\/\/www.reptbattero.com\/es\/wp-json\/wp\/v2\/pages\/2804\/revisions"}],"wp:attachment":[{"href":"https:\/\/www.reptbattero.com\/es\/wp-json\/wp\/v2\/media?parent=2804"}],"curies":[{"name":"wp","href":"https:\/\/api.w.org\/{rel}","templated":true}]}}